{"id":2276,"date":"2015-08-17T08:16:31","date_gmt":"2015-08-17T06:16:31","guid":{"rendered":"https:\/\/www.matchenjoy.com\/es\/servizi-extra\/registrazioni-video\/"},"modified":"2016-10-12T15:59:50","modified_gmt":"2016-10-12T13:59:50","slug":"grabacion-de-video-y-live-streaming","status":"publish","type":"page","link":"https:\/\/www.matchenjoy.com\/es\/servicios-extra\/grabacion-de-video-y-live-streaming\/","title":{"rendered":"Grabaci\u00f3n de v\u00eddeo y live-streaming"},"content":{"rendered":"","protected":false},"excerpt":{"rendered":"","protected":false},"author":4,"featured_media":0,"parent":2275,"menu_order":1,"comment_status":"closed","ping_status":"closed","template":"","meta":{"footnotes":""},"class_list":["post-2276","page","type-page","status-publish","hentry"],"yoast_head":"<!-- This site is optimized with the Yoast SEO plugin v27.1.1 - https:\/\/yoast.com\/product\/yoast-seo-wordpress\/ -->\n<title>Grabaci\u00f3n de V\u00eddeo con Live-streaming - MatchEnjoy<\/title>\n<meta name=\"description\" content=\"El servicio m\u00e1s popular por los clubs: extremadamente \u00fatiles para los jugadores que quieren revisar su parito sentados c\u00f3modamente en el sof\u00e1 de su casa\" \/>\n<meta name=\"robots\" content=\"index, follow, max-snippet:-1, max-image-preview:large, max-video-preview:-1\" \/>\n<link rel=\"canonical\" href=\"https:\/\/www.matchenjoy.com\/es\/servicios-extra\/grabacion-de-video-y-live-streaming\/\" \/>\n<meta property=\"og:locale\" content=\"es_ES\" \/>\n<meta property=\"og:type\" content=\"article\" \/>\n<meta property=\"og:title\" content=\"Grabaci\u00f3n de V\u00eddeo con Live-streaming - MatchEnjoy\" \/>\n<meta property=\"og:description\" content=\"El servicio m\u00e1s popular por los clubs: extremadamente \u00fatiles para los jugadores que quieren revisar su parito sentados c\u00f3modamente en el sof\u00e1 de su casa\" \/>\n<meta property=\"og:url\" content=\"https:\/\/www.matchenjoy.com\/es\/servicios-extra\/grabacion-de-video-y-live-streaming\/\" \/>\n<meta property=\"og:site_name\" content=\"MatchEnjoy\" \/>\n<meta property=\"article:publisher\" content=\"https:\/\/www.facebook.com\/PrenotaCampi\" \/>\n<meta property=\"article:modified_time\" content=\"2016-10-12T13:59:50+00:00\" \/>\n<meta name=\"twitter:card\" content=\"summary_large_image\" \/>\n<meta name=\"twitter:site\" content=\"@Prenota_Campi\" \/>\n<script type=\"application\/ld+json\" class=\"yoast-schema-graph\">{\"@context\":\"https:\/\/schema.org\",\"@graph\":[{\"@type\":\"WebPage\",\"@id\":\"https:\/\/www.matchenjoy.com\/es\/servicios-extra\/grabacion-de-video-y-live-streaming\/\",\"url\":\"https:\/\/www.matchenjoy.com\/es\/servicios-extra\/grabacion-de-video-y-live-streaming\/\",\"name\":\"Grabaci\u00f3n de V\u00eddeo con Live-streaming - MatchEnjoy\",\"isPartOf\":{\"@id\":\"https:\/\/www.matchenjoy.com\/es\/#website\"},\"datePublished\":\"2015-08-17T06:16:31+00:00\",\"dateModified\":\"2016-10-12T13:59:50+00:00\",\"description\":\"El servicio m\u00e1s popular por los clubs: extremadamente \u00fatiles para los jugadores que quieren revisar su parito sentados c\u00f3modamente en el sof\u00e1 de su casa\",\"breadcrumb\":{\"@id\":\"https:\/\/www.matchenjoy.com\/es\/servicios-extra\/grabacion-de-video-y-live-streaming\/#breadcrumb\"},\"inLanguage\":\"es\",\"potentialAction\":[{\"@type\":\"ReadAction\",\"target\":[\"https:\/\/www.matchenjoy.com\/es\/servicios-extra\/grabacion-de-video-y-live-streaming\/\"]}]},{\"@type\":\"BreadcrumbList\",\"@id\":\"https:\/\/www.matchenjoy.com\/es\/servicios-extra\/grabacion-de-video-y-live-streaming\/#breadcrumb\",\"itemListElement\":[{\"@type\":\"ListItem\",\"position\":1,\"name\":\"Home\",\"item\":\"https:\/\/www.matchenjoy.com\/es\/\"},{\"@type\":\"ListItem\",\"position\":2,\"name\":\"Servicios adicionales\",\"item\":\"https:\/\/www.matchenjoy.com\/es\/servicios-extra\/\"},{\"@type\":\"ListItem\",\"position\":3,\"name\":\"Grabaci\u00f3n de v\u00eddeo y live-streaming\"}]},{\"@type\":\"WebSite\",\"@id\":\"https:\/\/www.matchenjoy.com\/es\/#website\",\"url\":\"https:\/\/www.matchenjoy.com\/es\/\",\"name\":\"MatchEnjoy\",\"description\":\"\",\"publisher\":{\"@id\":\"https:\/\/www.matchenjoy.com\/es\/#organization\"},\"potentialAction\":[{\"@type\":\"SearchAction\",\"target\":{\"@type\":\"EntryPoint\",\"urlTemplate\":\"https:\/\/www.matchenjoy.com\/es\/?s={search_term_string}\"},\"query-input\":{\"@type\":\"PropertyValueSpecification\",\"valueRequired\":true,\"valueName\":\"search_term_string\"}}],\"inLanguage\":\"es\"},{\"@type\":\"Organization\",\"@id\":\"https:\/\/www.matchenjoy.com\/es\/#organization\",\"name\":\"MatchEnjoy\",\"url\":\"https:\/\/www.matchenjoy.com\/es\/\",\"logo\":{\"@type\":\"ImageObject\",\"inLanguage\":\"es\",\"@id\":\"https:\/\/www.matchenjoy.com\/es\/#\/schema\/logo\/image\/\",\"url\":\"https:\/\/www.matchenjoy.com\/wp-content\/uploads\/2016\/10\/logoMail.png\",\"contentUrl\":\"https:\/\/www.matchenjoy.com\/wp-content\/uploads\/2016\/10\/logoMail.png\",\"width\":200,\"height\":79,\"caption\":\"MatchEnjoy\"},\"image\":{\"@id\":\"https:\/\/www.matchenjoy.com\/es\/#\/schema\/logo\/image\/\"},\"sameAs\":[\"https:\/\/www.facebook.com\/PrenotaCampi\",\"https:\/\/x.com\/Prenota_Campi\"]}]}<\/script>\n<!-- \/ Yoast SEO plugin. -->","yoast_head_json":{"title":"Grabaci\u00f3n de V\u00eddeo con Live-streaming - MatchEnjoy","description":"El servicio m\u00e1s popular por los clubs: extremadamente \u00fatiles para los jugadores que quieren revisar su parito sentados c\u00f3modamente en el sof\u00e1 de su casa","robots":{"index":"index","follow":"follow","max-snippet":"max-snippet:-1","max-image-preview":"max-image-preview:large","max-video-preview":"max-video-preview:-1"},"canonical":"https:\/\/www.matchenjoy.com\/es\/servicios-extra\/grabacion-de-video-y-live-streaming\/","og_locale":"es_ES","og_type":"article","og_title":"Grabaci\u00f3n de V\u00eddeo con Live-streaming - MatchEnjoy","og_description":"El servicio m\u00e1s popular por los clubs: extremadamente \u00fatiles para los jugadores que quieren revisar su parito sentados c\u00f3modamente en el sof\u00e1 de su casa","og_url":"https:\/\/www.matchenjoy.com\/es\/servicios-extra\/grabacion-de-video-y-live-streaming\/","og_site_name":"MatchEnjoy","article_publisher":"https:\/\/www.facebook.com\/PrenotaCampi","article_modified_time":"2016-10-12T13:59:50+00:00","twitter_card":"summary_large_image","twitter_site":"@Prenota_Campi","schema":{"@context":"https:\/\/schema.org","@graph":[{"@type":"WebPage","@id":"https:\/\/www.matchenjoy.com\/es\/servicios-extra\/grabacion-de-video-y-live-streaming\/","url":"https:\/\/www.matchenjoy.com\/es\/servicios-extra\/grabacion-de-video-y-live-streaming\/","name":"Grabaci\u00f3n de V\u00eddeo con Live-streaming - MatchEnjoy","isPartOf":{"@id":"https:\/\/www.matchenjoy.com\/es\/#website"},"datePublished":"2015-08-17T06:16:31+00:00","dateModified":"2016-10-12T13:59:50+00:00","description":"El servicio m\u00e1s popular por los clubs: extremadamente \u00fatiles para los jugadores que quieren revisar su parito sentados c\u00f3modamente en el sof\u00e1 de su casa","breadcrumb":{"@id":"https:\/\/www.matchenjoy.com\/es\/servicios-extra\/grabacion-de-video-y-live-streaming\/#breadcrumb"},"inLanguage":"es","potentialAction":[{"@type":"ReadAction","target":["https:\/\/www.matchenjoy.com\/es\/servicios-extra\/grabacion-de-video-y-live-streaming\/"]}]},{"@type":"BreadcrumbList","@id":"https:\/\/www.matchenjoy.com\/es\/servicios-extra\/grabacion-de-video-y-live-streaming\/#breadcrumb","itemListElement":[{"@type":"ListItem","position":1,"name":"Home","item":"https:\/\/www.matchenjoy.com\/es\/"},{"@type":"ListItem","position":2,"name":"Servicios adicionales","item":"https:\/\/www.matchenjoy.com\/es\/servicios-extra\/"},{"@type":"ListItem","position":3,"name":"Grabaci\u00f3n de v\u00eddeo y live-streaming"}]},{"@type":"WebSite","@id":"https:\/\/www.matchenjoy.com\/es\/#website","url":"https:\/\/www.matchenjoy.com\/es\/","name":"MatchEnjoy","description":"","publisher":{"@id":"https:\/\/www.matchenjoy.com\/es\/#organization"},"potentialAction":[{"@type":"SearchAction","target":{"@type":"EntryPoint","urlTemplate":"https:\/\/www.matchenjoy.com\/es\/?s={search_term_string}"},"query-input":{"@type":"PropertyValueSpecification","valueRequired":true,"valueName":"search_term_string"}}],"inLanguage":"es"},{"@type":"Organization","@id":"https:\/\/www.matchenjoy.com\/es\/#organization","name":"MatchEnjoy","url":"https:\/\/www.matchenjoy.com\/es\/","logo":{"@type":"ImageObject","inLanguage":"es","@id":"https:\/\/www.matchenjoy.com\/es\/#\/schema\/logo\/image\/","url":"https:\/\/www.matchenjoy.com\/wp-content\/uploads\/2016\/10\/logoMail.png","contentUrl":"https:\/\/www.matchenjoy.com\/wp-content\/uploads\/2016\/10\/logoMail.png","width":200,"height":79,"caption":"MatchEnjoy"},"image":{"@id":"https:\/\/www.matchenjoy.com\/es\/#\/schema\/logo\/image\/"},"sameAs":["https:\/\/www.facebook.com\/PrenotaCampi","https:\/\/x.com\/Prenota_Campi"]}]}},"_links":{"self":[{"href":"https:\/\/www.matchenjoy.com\/es\/wp-json\/wp\/v2\/pages\/2276","targetHints":{"allow":["GET"]}}],"collection":[{"href":"https:\/\/www.matchenjoy.com\/es\/wp-json\/wp\/v2\/pages"}],"about":[{"href":"https:\/\/www.matchenjoy.com\/es\/wp-json\/wp\/v2\/types\/page"}],"author":[{"embeddable":true,"href":"https:\/\/www.matchenjoy.com\/es\/wp-json\/wp\/v2\/users\/4"}],"replies":[{"embeddable":true,"href":"https:\/\/www.matchenjoy.com\/es\/wp-json\/wp\/v2\/comments?post=2276"}],"version-history":[{"count":3,"href":"https:\/\/www.matchenjoy.com\/es\/wp-json\/wp\/v2\/pages\/2276\/revisions"}],"predecessor-version":[{"id":2464,"href":"https:\/\/www.matchenjoy.com\/es\/wp-json\/wp\/v2\/pages\/2276\/revisions\/2464"}],"up":[{"embeddable":true,"href":"https:\/\/www.matchenjoy.com\/es\/wp-json\/wp\/v2\/pages\/2275"}],"wp:attachment":[{"href":"https:\/\/www.matchenjoy.com\/es\/wp-json\/wp\/v2\/media?parent=2276"}],"curies":[{"name":"wp","href":"https:\/\/api.w.org\/{rel}","templated":true}]}}